{"id":7,"date":"2021-09-24T17:44:03","date_gmt":"2021-09-24T17:44:03","guid":{"rendered":"https:\/\/gevolution.com.br\/cx\/?page_id=7"},"modified":"2023-01-24T20:31:36","modified_gmt":"2023-01-24T20:31:36","slug":"solucoes","status":"publish","type":"page","link":"https:\/\/gevolution.com.br\/en\/solucoes\/","title":{"rendered":"Solu\u00e7\u00f5es"},"content":{"rendered":"\n<div class=\"wp-block-columns is-layout-flex wp-container-core-columns-is-layout-9d6595d7 wp-block-columns-is-layout-flex\">\n<div class=\"wp-block-column is-layout-flow wp-block-column-is-layout-flow\" style=\"flex-basis:150px\">\n<figure class=\"wp-block-image size-full\"><img loading=\"lazy\" decoding=\"async\" width=\"150\" height=\"134\" src=\"https:\/\/gevolution.com.br\/cx\/wp-content\/uploads\/2021\/09\/gicons1.png\" alt=\"\" class=\"wp-image-9\"\/><\/figure>\n<\/div>\n\n\n\n<div class=\"wp-block-column is-vertically-aligned-center is-layout-flow wp-block-column-is-layout-flow\">\n<h2 class=\"has-luminous-vivid-orange-color has-text-color wp-block-heading\"><strong><strong>Implanta\u00e7\u00f5es<\/strong><\/strong><\/h2>\n\n\n\n<p>Aplica\u00e7\u00e3o de tecnologias e metodologias de ponta, que provaram-se bem-sucedidas na implementa\u00e7\u00e3o de projetos e na resolu\u00e7\u00e3o da insatisfa\u00e7\u00e3o na jornada dos clientes.<\/p>\n<\/div>\n<\/div>\n\n\n\n<div class=\"wp-block-columns is-layout-flex wp-container-core-columns-is-layout-9d6595d7 wp-block-columns-is-layout-flex\">\n<div class=\"wp-block-column is-layout-flow wp-block-column-is-layout-flow\" style=\"flex-basis:150px\">\n<figure class=\"wp-block-image size-full\"><img loading=\"lazy\" decoding=\"async\" width=\"138\" height=\"128\" src=\"https:\/\/gevolution.com.br\/cx\/wp-content\/uploads\/2021\/09\/gicons2.png\" alt=\"\" class=\"wp-image-10\"\/><\/figure>\n<\/div>\n\n\n\n<div class=\"wp-block-column is-vertically-aligned-center is-layout-flow wp-block-column-is-layout-flow\">\n<h2 class=\"has-text-color wp-block-heading\" style=\"color:#24a3dc\"><strong><strong><strong>Consultoria<\/strong><\/strong><\/strong><\/h2>\n\n\n\n<p>Identifica\u00e7\u00e3o das necessidades, dificuldades e problemas enfrentados pelo cliente.<\/p>\n<\/div>\n<\/div>\n\n\n\n<div class=\"wp-block-columns is-layout-flex wp-container-core-columns-is-layout-9d6595d7 wp-block-columns-is-layout-flex\">\n<div class=\"wp-block-column is-layout-flow wp-block-column-is-layout-flow\" style=\"flex-basis:150px\">\n<figure class=\"wp-block-image size-full\"><img loading=\"lazy\" decoding=\"async\" width=\"148\" height=\"134\" src=\"https:\/\/gevolution.com.br\/cx\/wp-content\/uploads\/2021\/09\/gicons3.png\" alt=\"\" class=\"wp-image-11\"\/><\/figure>\n<\/div>\n\n\n\n<div class=\"wp-block-column is-vertically-aligned-center is-layout-flow wp-block-column-is-layout-flow\">\n<h2 class=\"has-text-color wp-block-heading\" style=\"color:#06132f\"><strong><strong><strong><strong>Acompanhamento<\/strong><\/strong><\/strong><\/strong><\/h2>\n\n\n\n<p>Per\u00edodo de assist\u00eancia p\u00f3s-implanta\u00e7\u00e3o e suporte recorrente dos problemas do dia a dia. Tamb\u00e9m oferecemos o acompanhamento para sugest\u00e3o de melhorias.<\/p>\n<\/div>\n<\/div>\n\n\n\n<p class=\"has-text-align-center default-btn-white\"><a href=\"https:\/\/gevolution.com.br\/contato\/\" data-type=\"page\" data-id=\"38\">Entre em Contato<\/a><\/p>\n","protected":false},"excerpt":{"rendered":"<p>Implanta\u00e7\u00f5es Aplica\u00e7\u00e3o de tecnologias e metodologias de ponta, que provaram-se bem-sucedidas na implementa\u00e7\u00e3o de projetos e na resolu\u00e7\u00e3o da insatisfa\u00e7\u00e3o na jornada dos clientes. Consultoria Identifica\u00e7\u00e3o das necessidades, dificuldades e problemas enfrentados pelo cliente. Acompanhamento Per\u00edodo de assist\u00eancia p\u00f3s-implanta\u00e7\u00e3o e suporte recorrente dos problemas do dia a dia. Tamb\u00e9m oferecemos o acompanhamento para sugest\u00e3o de [&hellip;]<\/p>\n","protected":false},"author":1,"featured_media":0,"parent":0,"menu_order":0,"comment_status":"closed","ping_status":"closed","template":"","meta":{"footnotes":""},"class_list":["post-7","page","type-page","status-publish","hentry"],"_links":{"self":[{"href":"https:\/\/gevolution.com.br\/en\/wp-json\/wp\/v2\/pages\/7","targetHints":{"allow":["GET"]}}],"collection":[{"href":"https:\/\/gevolution.com.br\/en\/wp-json\/wp\/v2\/pages"}],"about":[{"href":"https:\/\/gevolution.com.br\/en\/wp-json\/wp\/v2\/types\/page"}],"author":[{"embeddable":true,"href":"https:\/\/gevolution.com.br\/en\/wp-json\/wp\/v2\/users\/1"}],"replies":[{"embeddable":true,"href":"https:\/\/gevolution.com.br\/en\/wp-json\/wp\/v2\/comments?post=7"}],"version-history":[{"count":10,"href":"https:\/\/gevolution.com.br\/en\/wp-json\/wp\/v2\/pages\/7\/revisions"}],"predecessor-version":[{"id":283,"href":"https:\/\/gevolution.com.br\/en\/wp-json\/wp\/v2\/pages\/7\/revisions\/283"}],"wp:attachment":[{"href":"https:\/\/gevolution.com.br\/en\/wp-json\/wp\/v2\/media?parent=7"}],"curies":[{"name":"wp","href":"https:\/\/api.w.org\/{rel}","templated":true}]}}